{"id":841,"date":"2025-03-16T22:11:10","date_gmt":"2025-03-16T22:11:10","guid":{"rendered":"https:\/\/umbodssalan.is\/?page_id=841"},"modified":"2025-03-24T20:13:37","modified_gmt":"2025-03-24T20:13:37","slug":"timbur-og-al-gluggi-med-opnanlegu-fagi-2","status":"publish","type":"page","link":"https:\/\/umbodssalan.is\/?page_id=841","title":{"rendered":"Timbur og \u00e1l gluggi me\u00f0 opnanlegu fagi"},"content":{"rendered":"\n<p>Breidd 126 cm H\u00e6\u00f0 76,5 cm Ver\u00f0 75.000 kr +v.s.k<\/p>\n\n\n\n<figure class=\"wp-block-image size-full\"><img loading=\"lazy\" decoding=\"async\" width=\"759\" height=\"569\" src=\"https:\/\/umbodssalan.is\/wp-content\/uploads\/2025\/03\/482360222_122197702562145318_7559995607093978945_n-wpp1742846904302.jpg\" alt=\"\" class=\"wp-image-843\" srcset=\"https:\/\/umbodssalan.is\/wp-content\/uploads\/2025\/03\/482360222_122197702562145318_7559995607093978945_n-wpp1742846904302.jpg 759w, https:\/\/umbodssalan.is\/wp-content\/uploads\/2025\/03\/482360222_122197702562145318_7559995607093978945_n-wpp1742846904302-300x225.jpg 300w\" sizes=\"auto, (max-width: 759px) 100vw, 759px\" \/><\/figure>\n\n\n\n<figure class=\"wp-block-image size-large\"><img loading=\"lazy\" decoding=\"async\" width=\"1024\" height=\"768\" src=\"https:\/\/umbodssalan.is\/wp-content\/uploads\/2025\/03\/483911601_122197702514145318_746076960401409768_n-1024x768.jpg\" alt=\"\" class=\"wp-image-842\" srcset=\"https:\/\/umbodssalan.is\/wp-content\/uploads\/2025\/03\/483911601_122197702514145318_746076960401409768_n-1024x768.jpg 1024w, https:\/\/umbodssalan.is\/wp-content\/uploads\/2025\/03\/483911601_122197702514145318_746076960401409768_n-300x225.jpg 300w, https:\/\/umbodssalan.is\/wp-content\/uploads\/2025\/03\/483911601_122197702514145318_746076960401409768_n-768x576.jpg 768w, https:\/\/umbodssalan.is\/wp-content\/uploads\/2025\/03\/483911601_122197702514145318_746076960401409768_n-1536x1152.jpg 1536w, https:\/\/umbodssalan.is\/wp-content\/uploads\/2025\/03\/483911601_122197702514145318_746076960401409768_n.jpg 2048w\" sizes=\"auto, (max-width: 1024px) 100vw, 1024px\" \/><\/figure>\n\n\n<div class=\"wpforms-container wpforms-container-full wpforms-block wpforms-block-09b90c5d-155d-47d5-b45d-78f02c98750f wpforms-render-modern\" id=\"wpforms-24\"><form id=\"wpforms-form-24\" class=\"wpforms-validate wpforms-form wpforms-ajax-form\" data-formid=\"24\" method=\"post\" enctype=\"multipart\/form-data\" action=\"\/index.php?rest_route=%2Fwp%2Fv2%2Fpages%2F841\" data-token=\"24cfdab6cc8c5f838e2235b680213878\" data-token-time=\"1776312286\"><noscript class=\"wpforms-error-noscript\">Please enable JavaScript in your browser to complete this form.<\/noscript><div class=\"wpforms-hidden\" id=\"wpforms-error-noscript\">Please enable JavaScript in your browser to complete this form.<\/div><div class=\"wpforms-field-container\"><div id=\"wpforms-24-field_0-container\" class=\"wpforms-field wpforms-field-name\" data-field-id=\"0\"><label class=\"wpforms-field-label\" for=\"wpforms-24-field_0\">Nafn <span class=\"wpforms-required-label\" aria-hidden=\"true\">*<\/span><\/label><input type=\"text\" id=\"wpforms-24-field_0\" class=\"wpforms-field-medium wpforms-field-required\" name=\"wpforms[fields][0]\" aria-errormessage=\"wpforms-24-field_0-error\" required><\/div><div id=\"wpforms-24-field_1-container\" class=\"wpforms-field wpforms-field-email\" data-field-id=\"1\"><label class=\"wpforms-field-label\" for=\"wpforms-24-field_1\">Netfang <span class=\"wpforms-required-label\" aria-hidden=\"true\">*<\/span><\/label><input type=\"email\" id=\"wpforms-24-field_1\" class=\"wpforms-field-medium wpforms-field-required\" name=\"wpforms[fields][1]\" spellcheck=\"false\" aria-errormessage=\"wpforms-24-field_1-error\" required><\/div><div id=\"wpforms-24-field_2-container\" class=\"wpforms-field wpforms-field-textarea\" data-field-id=\"2\"><label class=\"wpforms-field-label\" for=\"wpforms-24-field_2\">Skilabo\u00f0<\/label><textarea id=\"wpforms-24-field_2\" class=\"wpforms-field-medium\" name=\"wpforms[fields][2]\" aria-errormessage=\"wpforms-24-field_2-error\" ><\/textarea><\/div><\/div><!-- .wpforms-field-container --><div class=\"wpforms-submit-container\" ><input type=\"hidden\" name=\"wpforms[id]\" value=\"24\"><input type=\"hidden\" name=\"page_title\" value=\"\"><input type=\"hidden\" name=\"page_url\" value=\"https:\/\/umbodssalan.is\/index.php?rest_route=\/wp\/v2\/pages\/841\"><input type=\"hidden\" name=\"url_referer\" value=\"\"><button type=\"submit\" name=\"wpforms[submit]\" id=\"wpforms-submit-24\" class=\"wpforms-submit\" data-alt-text=\"Sendi...\" data-submit-text=\"Senda\" aria-live=\"assertive\" value=\"wpforms-submit\">Senda<\/button><img loading=\"lazy\" decoding=\"async\" src=\"https:\/\/umbodssalan.is\/wp-content\/plugins\/wpforms-lite\/assets\/images\/submit-spin.svg\" class=\"wpforms-submit-spinner\" style=\"display: none;\" width=\"26\" height=\"26\" alt=\"Loading\"><\/div><\/form><\/div>  <!-- .wpforms-container -->","protected":false},"excerpt":{"rendered":"<p>Breidd 126 cm H\u00e6\u00f0 76,5 cm Ver\u00f0 75.000 kr +v.s.k<\/p>\n","protected":false},"author":1,"featured_media":0,"parent":0,"menu_order":0,"comment_status":"closed","ping_status":"closed","template":"","meta":{"_monsterinsights_skip_tracking":false,"_monsterinsights_sitenote_active":false,"_monsterinsights_sitenote_note":"","_monsterinsights_sitenote_category":0,"footnotes":""},"categories":[8,13],"tags":[],"class_list":["post-841","page","type-page","status-publish","hentry","category-gluggar","category-selt"],"aioseo_notices":[],"_links":{"self":[{"href":"https:\/\/umbodssalan.is\/index.php?rest_route=\/wp\/v2\/pages\/841","targetHints":{"allow":["GET"]}}],"collection":[{"href":"https:\/\/umbodssalan.is\/index.php?rest_route=\/wp\/v2\/pages"}],"about":[{"href":"https:\/\/umbodssalan.is\/index.php?rest_route=\/wp\/v2\/types\/page"}],"author":[{"embeddable":true,"href":"https:\/\/umbodssalan.is\/index.php?rest_route=\/wp\/v2\/users\/1"}],"replies":[{"embeddable":true,"href":"https:\/\/umbodssalan.is\/index.php?rest_route=%2Fwp%2Fv2%2Fcomments&post=841"}],"version-history":[{"count":2,"href":"https:\/\/umbodssalan.is\/index.php?rest_route=\/wp\/v2\/pages\/841\/revisions"}],"predecessor-version":[{"id":1066,"href":"https:\/\/umbodssalan.is\/index.php?rest_route=\/wp\/v2\/pages\/841\/revisions\/1066"}],"wp:attachment":[{"href":"https:\/\/umbodssalan.is\/index.php?rest_route=%2Fwp%2Fv2%2Fmedia&parent=841"}],"wp:term":[{"taxonomy":"category","embeddable":true,"href":"https:\/\/umbodssalan.is\/index.php?rest_route=%2Fwp%2Fv2%2Fcategories&post=841"},{"taxonomy":"post_tag","embeddable":true,"href":"https:\/\/umbodssalan.is\/index.php?rest_route=%2Fwp%2Fv2%2Ftags&post=841"}],"curies":[{"name":"wp","href":"https:\/\/api.w.org\/{rel}","templated":true}]}}