{"id":49,"date":"2024-01-03T17:10:54","date_gmt":"2024-01-03T17:10:54","guid":{"rendered":"https:\/\/umbodssalan.is\/?page_id=49"},"modified":"2025-08-25T10:46:36","modified_gmt":"2025-08-25T10:46:36","slug":"um-okkur","status":"publish","type":"page","link":"https:\/\/umbodssalan.is\/?page_id=49","title":{"rendered":"Um okkur"},"content":{"rendered":"\n<p><strong>Vi\u00f0 seljum v\u00f6rurnar fyrir \u00feig! <\/strong><\/p>\n\n\n\n<p><strong>Umbo\u00f0ssalan <\/strong>tekur a\u00f0 s\u00e9r  s\u00f6lu \u00e1 allskyns varningi, hvort sem hann  er n\u00fdr e\u00f0a nota\u00f0ur. Vi\u00f0 h\u00f6fum millig\u00f6ngu um a\u00f0 selja v\u00f6rurnar sem \u00fe\u00fa \u00fearft a\u00f0 losna vi\u00f0.  <\/p>\n\n\n\n<p><strong>Hvernig er best a\u00f0 gera kaupin?<\/strong><\/p>\n\n\n\n<p>V\u00f6rurnar eru sta\u00f0setta hj\u00e1 eiganda. Til a\u00f0 senda inn fyrirspurn var\u00f0andi v\u00f6ru \u00fe\u00e1 sendir \u00fe\u00fa okkur p\u00f3st \u00e1 <a href=\"mailto:umbodssalan@umbodssalan.is\" title=\"\">umbodssalan@umbodssalan.is<\/a> e\u00f0a \u00fdtir \u00e1 mynd af v\u00f6runni og fyllir \u00fat formi\u00f0 sem birtist.<\/p>\n\n\n\n<p><strong>Hvernig er greitt fyrir v\u00f6runa?<\/strong><\/p>\n\n\n\n<p>Grei\u00f0sla&nbsp;fer fram \u00ed gegnum banka.&nbsp;Umbo\u00f0ssalan&nbsp;sendir reikning \u00e1&nbsp;kaupanda&nbsp;sem hann grei\u00f0ir \u00ed s\u00ednum banka.\u2002Vi\u00f0 grei\u00f0slu&nbsp;hefur kaupandi&nbsp;tryggt s\u00e9r&nbsp;\u00fe\u00e1 v\u00f6ru sem hann er a\u00f0 kaupa. Umbo\u00f0salann ber ekki \u00e1byr\u00f0 \u00e1 v\u00f6runni \u00e1 neinn h\u00e1tt og er \u00fea\u00f0 alfari\u00f0 \u00e1 \u00e1byr\u00f0 kaupandans a\u00f0 kynna s\u00e9r a\u00f0 \u00e1stand v\u00f6ru s\u00e9 \u00ed samr\u00e6mi vi\u00f0 myndir og l\u00fdsingu.<\/p>\n\n\n\n<p><strong>A\u00f0 selja \u00ed gegnum Umbo\u00f0ss\u00f6luna<\/strong><\/p>\n\n\n\n<p>Vilt \u00fe\u00fa selja v\u00f6rur \u00ed gegnum Umbo\u00f0ss\u00f6luna?\u2002Sendu okkur myndir af v\u00f6runni \u00e1samt ver\u00f0i og \u00f6llum \u00feeim uppl\u00fdsingum sem \u00fei\u00f0 telji\u00f0 a\u00f0 hj\u00e1lpi til vi\u00f0 s\u00f6luna og vi\u00f0 ver\u00f0um \u00ed sambandi.<\/p>\n\n\n\n<p>Ef \u00fe\u00fa s\u00e9r\u00f0 v\u00f6rur sem vekja \u00e1huga \u00feinn- sendu okkur t\u00f6lvup\u00f3st \u00e1<strong> umbodssalan@umbodssalan.is<\/strong> og vi\u00f0 h\u00f6fum samband.<\/p>\n\n\n\n<p>\u00c1 bakvi\u00f0 Umbo\u00f0ss\u00f6luna stendur fyrirt\u00e6ki\u00f0 Arn\u00fe\u00f3r ehf. Kt 611091-1419,      Vsk nr. 31206<\/p>\n\n\n\n<p>Allar n\u00e1nari uppl\u00fdsingar m\u00e1 f\u00e1 \u00e1 <strong>umbodssalan@umbodssalan.is<\/strong> e\u00f0a \u00ed s\u00edma 768-5552<\/p>\n","protected":false},"excerpt":{"rendered":"<p>Vi\u00f0 seljum v\u00f6rurnar fyrir \u00feig! Umbo\u00f0ssalan tekur a\u00f0 s\u00e9r s\u00f6lu \u00e1 allskyns varningi, hvort sem hann er n\u00fdr e\u00f0a nota\u00f0ur. Vi\u00f0 h\u00f6fum millig\u00f6ngu um a\u00f0 selja v\u00f6rurnar sem \u00fe\u00fa \u00fearft a\u00f0 losna vi\u00f0. Hvernig er best a\u00f0 gera kaupin? V\u00f6rurnar eru sta\u00f0setta hj\u00e1 eiganda. Til a\u00f0 senda inn fyrirspurn var\u00f0andi v\u00f6ru \u00fe\u00e1 sendir \u00fe\u00fa okkur [&hellip;]<\/p>\n","protected":false},"author":1,"featured_media":0,"parent":0,"menu_order":0,"comment_status":"closed","ping_status":"closed","template":"","meta":{"_monsterinsights_skip_tracking":false,"_monsterinsights_sitenote_active":false,"_monsterinsights_sitenote_note":"","_monsterinsights_sitenote_category":0,"footnotes":""},"categories":[],"tags":[],"class_list":["post-49","page","type-page","status-publish","hentry"],"aioseo_notices":[],"_links":{"self":[{"href":"https:\/\/umbodssalan.is\/index.php?rest_route=\/wp\/v2\/pages\/49","targetHints":{"allow":["GET"]}}],"collection":[{"href":"https:\/\/umbodssalan.is\/index.php?rest_route=\/wp\/v2\/pages"}],"about":[{"href":"https:\/\/umbodssalan.is\/index.php?rest_route=\/wp\/v2\/types\/page"}],"author":[{"embeddable":true,"href":"https:\/\/umbodssalan.is\/index.php?rest_route=\/wp\/v2\/users\/1"}],"replies":[{"embeddable":true,"href":"https:\/\/umbodssalan.is\/index.php?rest_route=%2Fwp%2Fv2%2Fcomments&post=49"}],"version-history":[{"count":7,"href":"https:\/\/umbodssalan.is\/index.php?rest_route=\/wp\/v2\/pages\/49\/revisions"}],"predecessor-version":[{"id":1800,"href":"https:\/\/umbodssalan.is\/index.php?rest_route=\/wp\/v2\/pages\/49\/revisions\/1800"}],"wp:attachment":[{"href":"https:\/\/umbodssalan.is\/index.php?rest_route=%2Fwp%2Fv2%2Fmedia&parent=49"}],"wp:term":[{"taxonomy":"category","embeddable":true,"href":"https:\/\/umbodssalan.is\/index.php?rest_route=%2Fwp%2Fv2%2Fcategories&post=49"},{"taxonomy":"post_tag","embeddable":true,"href":"https:\/\/umbodssalan.is\/index.php?rest_route=%2Fwp%2Fv2%2Ftags&post=49"}],"curies":[{"name":"wp","href":"https:\/\/api.w.org\/{rel}","templated":true}]}}