{"id":326,"date":"2024-06-27T16:38:15","date_gmt":"2024-06-27T16:38:15","guid":{"rendered":"https:\/\/umbodssalan.is\/?page_id=326"},"modified":"2024-08-21T22:20:10","modified_gmt":"2024-08-21T22:20:10","slug":"handlaug-hnestyrd","status":"publish","type":"page","link":"https:\/\/umbodssalan.is\/?page_id=326","title":{"rendered":"Handlaug, hn\u00e9st\u00fdr\u00f0"},"content":{"rendered":"\n<p>Til s\u00f6lu hn\u00e9st\u00fdr\u00f0 handlaug.<\/p>\n\n\n\n<figure class=\"wp-block-image size-full\"><img decoding=\"async\" src=\"https:\/\/umbodssalan.is\/wp-content\/uploads\/2024\/06\/Handlaug1-wpp1723573796518.jpeg\" alt=\"\" class=\"wp-image-327\"\/><\/figure>\n\n\n\n<figure class=\"wp-block-image size-large\"><img loading=\"lazy\" decoding=\"async\" width=\"1024\" height=\"990\" src=\"https:\/\/umbodssalan.is\/wp-content\/uploads\/2024\/06\/Handlaug2-1024x990.jpeg\" alt=\"\" class=\"wp-image-328\" srcset=\"https:\/\/umbodssalan.is\/wp-content\/uploads\/2024\/06\/Handlaug2-1024x990.jpeg 1024w, https:\/\/umbodssalan.is\/wp-content\/uploads\/2024\/06\/Handlaug2-300x290.jpeg 300w, https:\/\/umbodssalan.is\/wp-content\/uploads\/2024\/06\/Handlaug2-768x742.jpeg 768w, https:\/\/umbodssalan.is\/wp-content\/uploads\/2024\/06\/Handlaug2-1536x1485.jpeg 1536w, https:\/\/umbodssalan.is\/wp-content\/uploads\/2024\/06\/Handlaug2.jpeg 1920w\" sizes=\"auto, (max-width: 1024px) 100vw, 1024px\" \/><\/figure>\n\n\n\n<figure class=\"wp-block-image size-large\"><img loading=\"lazy\" decoding=\"async\" width=\"768\" height=\"1024\" src=\"https:\/\/umbodssalan.is\/wp-content\/uploads\/2024\/06\/Handlaug3-768x1024.jpeg\" alt=\"\" class=\"wp-image-339\" srcset=\"https:\/\/umbodssalan.is\/wp-content\/uploads\/2024\/06\/Handlaug3-768x1024.jpeg 768w, https:\/\/umbodssalan.is\/wp-content\/uploads\/2024\/06\/Handlaug3-225x300.jpeg 225w, https:\/\/umbodssalan.is\/wp-content\/uploads\/2024\/06\/Handlaug3-1152x1536.jpeg 1152w, https:\/\/umbodssalan.is\/wp-content\/uploads\/2024\/06\/Handlaug3-1536x2048.jpeg 1536w, https:\/\/umbodssalan.is\/wp-content\/uploads\/2024\/06\/Handlaug3.jpeg 1920w\" sizes=\"auto, (max-width: 768px) 100vw, 768px\" \/><\/figure>\n\n\n\n<p>Ver\u00f0 15.000 +vsk<\/p>\n\n\n<div class=\"wpforms-container wpforms-container-full wpforms-block wpforms-block-017445b6-1892-4ac1-91a7-ecb890bd34c7 wpforms-render-modern\" id=\"wpforms-24\"><form id=\"wpforms-form-24\" class=\"wpforms-validate wpforms-form wpforms-ajax-form\" data-formid=\"24\" method=\"post\" enctype=\"multipart\/form-data\" action=\"\/index.php?rest_route=%2Fwp%2Fv2%2Fpages%2F326\" data-token=\"ece8905dff21f593a4b88e98cc7ad680\" data-token-time=\"1776395451\"><noscript class=\"wpforms-error-noscript\">Please enable JavaScript in your browser to complete this form.<\/noscript><div class=\"wpforms-hidden\" id=\"wpforms-error-noscript\">Please enable JavaScript in your browser to complete this form.<\/div><div class=\"wpforms-field-container\"><div id=\"wpforms-24-field_0-container\" class=\"wpforms-field wpforms-field-name\" data-field-id=\"0\"><label class=\"wpforms-field-label\" for=\"wpforms-24-field_0\">Nafn <span class=\"wpforms-required-label\" aria-hidden=\"true\">*<\/span><\/label><input type=\"text\" id=\"wpforms-24-field_0\" class=\"wpforms-field-medium wpforms-field-required\" name=\"wpforms[fields][0]\" aria-errormessage=\"wpforms-24-field_0-error\" required><\/div><div id=\"wpforms-24-field_1-container\" class=\"wpforms-field wpforms-field-email\" data-field-id=\"1\"><label class=\"wpforms-field-label\" for=\"wpforms-24-field_1\">Netfang <span class=\"wpforms-required-label\" aria-hidden=\"true\">*<\/span><\/label><input type=\"email\" id=\"wpforms-24-field_1\" class=\"wpforms-field-medium wpforms-field-required\" name=\"wpforms[fields][1]\" spellcheck=\"false\" aria-errormessage=\"wpforms-24-field_1-error\" required><\/div><div id=\"wpforms-24-field_2-container\" class=\"wpforms-field wpforms-field-textarea\" data-field-id=\"2\"><label class=\"wpforms-field-label\" for=\"wpforms-24-field_2\">Skilabo\u00f0<\/label><textarea id=\"wpforms-24-field_2\" class=\"wpforms-field-medium\" name=\"wpforms[fields][2]\" aria-errormessage=\"wpforms-24-field_2-error\" ><\/textarea><\/div><\/div><!-- .wpforms-field-container --><div class=\"wpforms-submit-container\" ><input type=\"hidden\" name=\"wpforms[id]\" value=\"24\"><input type=\"hidden\" name=\"page_title\" value=\"\"><input type=\"hidden\" name=\"page_url\" value=\"https:\/\/umbodssalan.is\/index.php?rest_route=\/wp\/v2\/pages\/326\"><input type=\"hidden\" name=\"url_referer\" value=\"\"><button type=\"submit\" name=\"wpforms[submit]\" id=\"wpforms-submit-24\" class=\"wpforms-submit\" data-alt-text=\"Sendi...\" data-submit-text=\"Senda\" aria-live=\"assertive\" value=\"wpforms-submit\">Senda<\/button><img loading=\"lazy\" decoding=\"async\" src=\"https:\/\/umbodssalan.is\/wp-content\/plugins\/wpforms-lite\/assets\/images\/submit-spin.svg\" class=\"wpforms-submit-spinner\" style=\"display: none;\" width=\"26\" height=\"26\" alt=\"Loading\"><\/div><\/form><\/div>  <!-- .wpforms-container -->","protected":false},"excerpt":{"rendered":"<p>Til s\u00f6lu hn\u00e9st\u00fdr\u00f0 handlaug. Ver\u00f0 15.000 +vsk<\/p>\n","protected":false},"author":1,"featured_media":0,"parent":0,"menu_order":0,"comment_status":"closed","ping_status":"closed","template":"","meta":{"_monsterinsights_skip_tracking":false,"_monsterinsights_sitenote_active":false,"_monsterinsights_sitenote_note":"","_monsterinsights_sitenote_category":0,"footnotes":""},"categories":[10,13],"tags":[14],"class_list":["post-326","page","type-page","status-publish","hentry","category-annad","category-selt","tag-selt"],"aioseo_notices":[],"_links":{"self":[{"href":"https:\/\/umbodssalan.is\/index.php?rest_route=\/wp\/v2\/pages\/326","targetHints":{"allow":["GET"]}}],"collection":[{"href":"https:\/\/umbodssalan.is\/index.php?rest_route=\/wp\/v2\/pages"}],"about":[{"href":"https:\/\/umbodssalan.is\/index.php?rest_route=\/wp\/v2\/types\/page"}],"author":[{"embeddable":true,"href":"https:\/\/umbodssalan.is\/index.php?rest_route=\/wp\/v2\/users\/1"}],"replies":[{"embeddable":true,"href":"https:\/\/umbodssalan.is\/index.php?rest_route=%2Fwp%2Fv2%2Fcomments&post=326"}],"version-history":[{"count":3,"href":"https:\/\/umbodssalan.is\/index.php?rest_route=\/wp\/v2\/pages\/326\/revisions"}],"predecessor-version":[{"id":422,"href":"https:\/\/umbodssalan.is\/index.php?rest_route=\/wp\/v2\/pages\/326\/revisions\/422"}],"wp:attachment":[{"href":"https:\/\/umbodssalan.is\/index.php?rest_route=%2Fwp%2Fv2%2Fmedia&parent=326"}],"wp:term":[{"taxonomy":"category","embeddable":true,"href":"https:\/\/umbodssalan.is\/index.php?rest_route=%2Fwp%2Fv2%2Fcategories&post=326"},{"taxonomy":"post_tag","embeddable":true,"href":"https:\/\/umbodssalan.is\/index.php?rest_route=%2Fwp%2Fv2%2Ftags&post=326"}],"curies":[{"name":"wp","href":"https:\/\/api.w.org\/{rel}","templated":true}]}}