{"id":263,"date":"2024-05-24T09:53:36","date_gmt":"2024-05-24T09:53:36","guid":{"rendered":"https:\/\/umbodssalan.is\/?page_id=263"},"modified":"2024-08-21T22:20:39","modified_gmt":"2024-08-21T22:20:39","slug":"samliggjandi-gamar","status":"publish","type":"page","link":"https:\/\/umbodssalan.is\/?page_id=263","title":{"rendered":"Samliggjandi g\u00e1mar"},"content":{"rendered":"\n<p><strong>2 samliggjandi 20 feta einangar\u00f0ir g\u00e1mar me\u00f0 rafmagni sem geta notast sem vinnusk\u00farar<\/strong><\/p>\n\n\n\n<figure class=\"wp-block-image size-full\"><img loading=\"lazy\" decoding=\"async\" width=\"608\" height=\"455\" src=\"https:\/\/umbodssalan.is\/wp-content\/uploads\/2024\/05\/IMG_8252-scaled-wpp1716831899140.jpg\" alt=\"\" class=\"wp-image-264\" srcset=\"https:\/\/umbodssalan.is\/wp-content\/uploads\/2024\/05\/IMG_8252-scaled-wpp1716831899140.jpg 608w, https:\/\/umbodssalan.is\/wp-content\/uploads\/2024\/05\/IMG_8252-scaled-wpp1716831899140-300x225.jpg 300w\" sizes=\"auto, (max-width: 608px) 100vw, 608px\" \/><\/figure>\n\n\n\n<figure class=\"wp-block-image size-large\"><img loading=\"lazy\" decoding=\"async\" width=\"1024\" height=\"768\" src=\"https:\/\/umbodssalan.is\/wp-content\/uploads\/2024\/05\/IMG_8253-1024x768.jpg\" alt=\"\" class=\"wp-image-265\" srcset=\"https:\/\/umbodssalan.is\/wp-content\/uploads\/2024\/05\/IMG_8253-1024x768.jpg 1024w, https:\/\/umbodssalan.is\/wp-content\/uploads\/2024\/05\/IMG_8253-300x225.jpg 300w, https:\/\/umbodssalan.is\/wp-content\/uploads\/2024\/05\/IMG_8253-768x576.jpg 768w, https:\/\/umbodssalan.is\/wp-content\/uploads\/2024\/05\/IMG_8253-1536x1152.jpg 1536w, https:\/\/umbodssalan.is\/wp-content\/uploads\/2024\/05\/IMG_8253-2048x1536.jpg 2048w\" sizes=\"auto, (max-width: 1024px) 100vw, 1024px\" \/><\/figure>\n\n\n\n<figure class=\"wp-block-image size-large\"><img loading=\"lazy\" decoding=\"async\" width=\"1024\" height=\"768\" src=\"https:\/\/umbodssalan.is\/wp-content\/uploads\/2024\/05\/IMG_8254-1024x768.jpg\" alt=\"\" class=\"wp-image-266\" srcset=\"https:\/\/umbodssalan.is\/wp-content\/uploads\/2024\/05\/IMG_8254-1024x768.jpg 1024w, https:\/\/umbodssalan.is\/wp-content\/uploads\/2024\/05\/IMG_8254-300x225.jpg 300w, https:\/\/umbodssalan.is\/wp-content\/uploads\/2024\/05\/IMG_8254-768x576.jpg 768w, https:\/\/umbodssalan.is\/wp-content\/uploads\/2024\/05\/IMG_8254-1536x1152.jpg 1536w, https:\/\/umbodssalan.is\/wp-content\/uploads\/2024\/05\/IMG_8254-2048x1536.jpg 2048w\" sizes=\"auto, (max-width: 1024px) 100vw, 1024px\" \/><\/figure>\n\n\n\n<figure class=\"wp-block-image size-large\"><img loading=\"lazy\" decoding=\"async\" width=\"768\" height=\"1024\" src=\"https:\/\/umbodssalan.is\/wp-content\/uploads\/2024\/05\/IMG_8257-768x1024.jpg\" alt=\"\" class=\"wp-image-273\" srcset=\"https:\/\/umbodssalan.is\/wp-content\/uploads\/2024\/05\/IMG_8257-768x1024.jpg 768w, https:\/\/umbodssalan.is\/wp-content\/uploads\/2024\/05\/IMG_8257-225x300.jpg 225w, https:\/\/umbodssalan.is\/wp-content\/uploads\/2024\/05\/IMG_8257-1152x1536.jpg 1152w, https:\/\/umbodssalan.is\/wp-content\/uploads\/2024\/05\/IMG_8257-1536x2048.jpg 1536w, https:\/\/umbodssalan.is\/wp-content\/uploads\/2024\/05\/IMG_8257-scaled.jpg 1920w\" sizes=\"auto, (max-width: 768px) 100vw, 768px\" \/><\/figure>\n\n\n\n<figure class=\"wp-block-image size-large\"><img loading=\"lazy\" decoding=\"async\" width=\"768\" height=\"1024\" src=\"https:\/\/umbodssalan.is\/wp-content\/uploads\/2024\/05\/IMG_8255-768x1024.jpg\" alt=\"\" class=\"wp-image-274\" srcset=\"https:\/\/umbodssalan.is\/wp-content\/uploads\/2024\/05\/IMG_8255-768x1024.jpg 768w, https:\/\/umbodssalan.is\/wp-content\/uploads\/2024\/05\/IMG_8255-225x300.jpg 225w, https:\/\/umbodssalan.is\/wp-content\/uploads\/2024\/05\/IMG_8255-1152x1536.jpg 1152w, https:\/\/umbodssalan.is\/wp-content\/uploads\/2024\/05\/IMG_8255-1536x2048.jpg 1536w, https:\/\/umbodssalan.is\/wp-content\/uploads\/2024\/05\/IMG_8255-scaled.jpg 1920w\" sizes=\"auto, (max-width: 768px) 100vw, 768px\" \/><\/figure>\n\n\n\n<figure class=\"wp-block-image size-large\"><img loading=\"lazy\" decoding=\"async\" width=\"768\" height=\"1024\" src=\"https:\/\/umbodssalan.is\/wp-content\/uploads\/2024\/05\/IMG_8256-768x1024.jpg\" alt=\"\" class=\"wp-image-275\" srcset=\"https:\/\/umbodssalan.is\/wp-content\/uploads\/2024\/05\/IMG_8256-768x1024.jpg 768w, https:\/\/umbodssalan.is\/wp-content\/uploads\/2024\/05\/IMG_8256-225x300.jpg 225w, https:\/\/umbodssalan.is\/wp-content\/uploads\/2024\/05\/IMG_8256-1152x1536.jpg 1152w, https:\/\/umbodssalan.is\/wp-content\/uploads\/2024\/05\/IMG_8256-1536x2048.jpg 1536w, https:\/\/umbodssalan.is\/wp-content\/uploads\/2024\/05\/IMG_8256-scaled.jpg 1920w\" sizes=\"auto, (max-width: 768px) 100vw, 768px\" \/><\/figure>\n\n\n\n<p>Ver\u00f0 er 600.000 +vsk<\/p>\n\n\n<div class=\"wpforms-container wpforms-container-full wpforms-block wpforms-block-05e80507-ef2e-4750-aafd-4dc225c8d744 wpforms-render-modern\" id=\"wpforms-24\"><form id=\"wpforms-form-24\" class=\"wpforms-validate wpforms-form wpforms-ajax-form\" data-formid=\"24\" method=\"post\" enctype=\"multipart\/form-data\" action=\"\/index.php?rest_route=%2Fwp%2Fv2%2Fpages%2F263\" data-token=\"ece8905dff21f593a4b88e98cc7ad680\" data-token-time=\"1776395654\"><noscript class=\"wpforms-error-noscript\">Please enable JavaScript in your browser to complete this form.<\/noscript><div class=\"wpforms-hidden\" id=\"wpforms-error-noscript\">Please enable JavaScript in your browser to complete this form.<\/div><div class=\"wpforms-field-container\"><div id=\"wpforms-24-field_0-container\" class=\"wpforms-field wpforms-field-name\" data-field-id=\"0\"><label class=\"wpforms-field-label\" for=\"wpforms-24-field_0\">Nafn <span class=\"wpforms-required-label\" aria-hidden=\"true\">*<\/span><\/label><input type=\"text\" id=\"wpforms-24-field_0\" class=\"wpforms-field-medium wpforms-field-required\" name=\"wpforms[fields][0]\" aria-errormessage=\"wpforms-24-field_0-error\" required><\/div><div id=\"wpforms-24-field_1-container\" class=\"wpforms-field wpforms-field-email\" data-field-id=\"1\"><label class=\"wpforms-field-label\" for=\"wpforms-24-field_1\">Netfang <span class=\"wpforms-required-label\" aria-hidden=\"true\">*<\/span><\/label><input type=\"email\" id=\"wpforms-24-field_1\" class=\"wpforms-field-medium wpforms-field-required\" name=\"wpforms[fields][1]\" spellcheck=\"false\" aria-errormessage=\"wpforms-24-field_1-error\" required><\/div><div id=\"wpforms-24-field_2-container\" class=\"wpforms-field wpforms-field-textarea\" data-field-id=\"2\"><label class=\"wpforms-field-label\" for=\"wpforms-24-field_2\">Skilabo\u00f0<\/label><textarea id=\"wpforms-24-field_2\" class=\"wpforms-field-medium\" name=\"wpforms[fields][2]\" aria-errormessage=\"wpforms-24-field_2-error\" ><\/textarea><\/div><\/div><!-- .wpforms-field-container --><div class=\"wpforms-submit-container\" ><input type=\"hidden\" name=\"wpforms[id]\" value=\"24\"><input type=\"hidden\" name=\"page_title\" value=\"\"><input type=\"hidden\" name=\"page_url\" value=\"https:\/\/umbodssalan.is\/index.php?rest_route=\/wp\/v2\/pages\/263\"><input type=\"hidden\" name=\"url_referer\" value=\"\"><button type=\"submit\" name=\"wpforms[submit]\" id=\"wpforms-submit-24\" class=\"wpforms-submit\" data-alt-text=\"Sendi...\" data-submit-text=\"Senda\" aria-live=\"assertive\" value=\"wpforms-submit\">Senda<\/button><img loading=\"lazy\" decoding=\"async\" src=\"https:\/\/umbodssalan.is\/wp-content\/plugins\/wpforms-lite\/assets\/images\/submit-spin.svg\" class=\"wpforms-submit-spinner\" style=\"display: none;\" width=\"26\" height=\"26\" alt=\"Loading\"><\/div><\/form><\/div>  <!-- .wpforms-container -->","protected":false},"excerpt":{"rendered":"<p>2 samliggjandi 20 feta einangar\u00f0ir g\u00e1mar me\u00f0 rafmagni sem geta notast sem vinnusk\u00farar Ver\u00f0 er 600.000 +vsk<\/p>\n","protected":false},"author":1,"featured_media":0,"parent":0,"menu_order":0,"comment_status":"closed","ping_status":"closed","template":"","meta":{"_monsterinsights_skip_tracking":false,"_monsterinsights_sitenote_active":false,"_monsterinsights_sitenote_note":"","_monsterinsights_sitenote_category":0,"footnotes":""},"categories":[10,13],"tags":[14],"class_list":["post-263","page","type-page","status-publish","hentry","category-annad","category-selt","tag-selt"],"aioseo_notices":[],"_links":{"self":[{"href":"https:\/\/umbodssalan.is\/index.php?rest_route=\/wp\/v2\/pages\/263","targetHints":{"allow":["GET"]}}],"collection":[{"href":"https:\/\/umbodssalan.is\/index.php?rest_route=\/wp\/v2\/pages"}],"about":[{"href":"https:\/\/umbodssalan.is\/index.php?rest_route=\/wp\/v2\/types\/page"}],"author":[{"embeddable":true,"href":"https:\/\/umbodssalan.is\/index.php?rest_route=\/wp\/v2\/users\/1"}],"replies":[{"embeddable":true,"href":"https:\/\/umbodssalan.is\/index.php?rest_route=%2Fwp%2Fv2%2Fcomments&post=263"}],"version-history":[{"count":5,"href":"https:\/\/umbodssalan.is\/index.php?rest_route=\/wp\/v2\/pages\/263\/revisions"}],"predecessor-version":[{"id":420,"href":"https:\/\/umbodssalan.is\/index.php?rest_route=\/wp\/v2\/pages\/263\/revisions\/420"}],"wp:attachment":[{"href":"https:\/\/umbodssalan.is\/index.php?rest_route=%2Fwp%2Fv2%2Fmedia&parent=263"}],"wp:term":[{"taxonomy":"category","embeddable":true,"href":"https:\/\/umbodssalan.is\/index.php?rest_route=%2Fwp%2Fv2%2Fcategories&post=263"},{"taxonomy":"post_tag","embeddable":true,"href":"https:\/\/umbodssalan.is\/index.php?rest_route=%2Fwp%2Fv2%2Ftags&post=263"}],"curies":[{"name":"wp","href":"https:\/\/api.w.org\/{rel}","templated":true}]}}