{"id":144,"date":"2024-04-18T09:16:30","date_gmt":"2024-04-18T09:16:30","guid":{"rendered":"https:\/\/umbodssalan.is\/?page_id=144"},"modified":"2024-08-21T22:17:08","modified_gmt":"2024-08-21T22:17:08","slug":"alklaeddar-timburhurdar","status":"publish","type":"page","link":"https:\/\/umbodssalan.is\/?page_id=144","title":{"rendered":"\u00c1lkl\u00e6ddar timburhur\u00f0ar"},"content":{"rendered":"\n<p>Timburhur\u00f0ar \u00e1lkl\u00e6ddar a\u00f0 utan. 3 puknta l\u00e6sing, vinstri opnun. St\u00e6r\u00f0 98&#215;218. 4 stk til<\/p>\n\n\n\n<figure class=\"wp-block-image size-full\"><img loading=\"lazy\" decoding=\"async\" width=\"455\" height=\"608\" src=\"https:\/\/umbodssalan.is\/wp-content\/uploads\/2024\/04\/4hurdar-scaled-wpp1713462936429.jpg\" alt=\"\" class=\"wp-image-145\" srcset=\"https:\/\/umbodssalan.is\/wp-content\/uploads\/2024\/04\/4hurdar-scaled-wpp1713462936429.jpg 455w, https:\/\/umbodssalan.is\/wp-content\/uploads\/2024\/04\/4hurdar-scaled-wpp1713462936429-225x300.jpg 225w\" sizes=\"auto, (max-width: 455px) 100vw, 455px\" \/><\/figure>\n\n\n\n<p>Ver\u00f0 80.000 +vsk stykki\u00f0<\/p>\n\n\n<div class=\"wpforms-container wpforms-container-full wpforms-block wpforms-block-88a71a41-5349-46a7-9e0f-6589a56b86cb wpforms-render-modern\" id=\"wpforms-24\"><form id=\"wpforms-form-24\" class=\"wpforms-validate wpforms-form wpforms-ajax-form\" data-formid=\"24\" method=\"post\" enctype=\"multipart\/form-data\" action=\"\/index.php?rest_route=%2Fwp%2Fv2%2Fpages%2F144\" data-token=\"ece8905dff21f593a4b88e98cc7ad680\" data-token-time=\"1776389031\"><noscript class=\"wpforms-error-noscript\">Please enable JavaScript in your browser to complete this form.<\/noscript><div class=\"wpforms-hidden\" id=\"wpforms-error-noscript\">Please enable JavaScript in your browser to complete this form.<\/div><div class=\"wpforms-field-container\"><div id=\"wpforms-24-field_0-container\" class=\"wpforms-field wpforms-field-name\" data-field-id=\"0\"><label class=\"wpforms-field-label\" for=\"wpforms-24-field_0\">Nafn <span class=\"wpforms-required-label\" aria-hidden=\"true\">*<\/span><\/label><input type=\"text\" id=\"wpforms-24-field_0\" class=\"wpforms-field-medium wpforms-field-required\" name=\"wpforms[fields][0]\" aria-errormessage=\"wpforms-24-field_0-error\" required><\/div><div id=\"wpforms-24-field_1-container\" class=\"wpforms-field wpforms-field-email\" data-field-id=\"1\"><label class=\"wpforms-field-label\" for=\"wpforms-24-field_1\">Netfang <span class=\"wpforms-required-label\" aria-hidden=\"true\">*<\/span><\/label><input type=\"email\" id=\"wpforms-24-field_1\" class=\"wpforms-field-medium wpforms-field-required\" name=\"wpforms[fields][1]\" spellcheck=\"false\" aria-errormessage=\"wpforms-24-field_1-error\" required><\/div><div id=\"wpforms-24-field_2-container\" class=\"wpforms-field wpforms-field-textarea\" data-field-id=\"2\"><label class=\"wpforms-field-label\" for=\"wpforms-24-field_2\">Skilabo\u00f0<\/label><textarea id=\"wpforms-24-field_2\" class=\"wpforms-field-medium\" name=\"wpforms[fields][2]\" aria-errormessage=\"wpforms-24-field_2-error\" ><\/textarea><\/div><\/div><!-- .wpforms-field-container --><div class=\"wpforms-submit-container\" ><input type=\"hidden\" name=\"wpforms[id]\" value=\"24\"><input type=\"hidden\" name=\"page_title\" value=\"\"><input type=\"hidden\" name=\"page_url\" value=\"https:\/\/umbodssalan.is\/index.php?rest_route=\/wp\/v2\/pages\/144\"><input type=\"hidden\" name=\"url_referer\" value=\"\"><button type=\"submit\" name=\"wpforms[submit]\" id=\"wpforms-submit-24\" class=\"wpforms-submit\" data-alt-text=\"Sendi...\" data-submit-text=\"Senda\" aria-live=\"assertive\" value=\"wpforms-submit\">Senda<\/button><img loading=\"lazy\" decoding=\"async\" src=\"https:\/\/umbodssalan.is\/wp-content\/plugins\/wpforms-lite\/assets\/images\/submit-spin.svg\" class=\"wpforms-submit-spinner\" style=\"display: none;\" width=\"26\" height=\"26\" alt=\"Loading\"><\/div><\/form><\/div>  <!-- .wpforms-container -->","protected":false},"excerpt":{"rendered":"<p>Timburhur\u00f0ar \u00e1lkl\u00e6ddar a\u00f0 utan. 3 puknta l\u00e6sing, vinstri opnun. St\u00e6r\u00f0 98&#215;218. 4 stk til Ver\u00f0 80.000 +vsk stykki\u00f0<\/p>\n","protected":false},"author":1,"featured_media":0,"parent":0,"menu_order":0,"comment_status":"closed","ping_status":"closed","template":"","meta":{"_monsterinsights_skip_tracking":false,"_monsterinsights_sitenote_active":false,"_monsterinsights_sitenote_note":"","_monsterinsights_sitenote_category":0,"footnotes":""},"categories":[7,13],"tags":[14],"class_list":["post-144","page","type-page","status-publish","hentry","category-hurdar","category-selt","tag-selt"],"aioseo_notices":[],"_links":{"self":[{"href":"https:\/\/umbodssalan.is\/index.php?rest_route=\/wp\/v2\/pages\/144","targetHints":{"allow":["GET"]}}],"collection":[{"href":"https:\/\/umbodssalan.is\/index.php?rest_route=\/wp\/v2\/pages"}],"about":[{"href":"https:\/\/umbodssalan.is\/index.php?rest_route=\/wp\/v2\/types\/page"}],"author":[{"embeddable":true,"href":"https:\/\/umbodssalan.is\/index.php?rest_route=\/wp\/v2\/users\/1"}],"replies":[{"embeddable":true,"href":"https:\/\/umbodssalan.is\/index.php?rest_route=%2Fwp%2Fv2%2Fcomments&post=144"}],"version-history":[{"count":2,"href":"https:\/\/umbodssalan.is\/index.php?rest_route=\/wp\/v2\/pages\/144\/revisions"}],"predecessor-version":[{"id":411,"href":"https:\/\/umbodssalan.is\/index.php?rest_route=\/wp\/v2\/pages\/144\/revisions\/411"}],"wp:attachment":[{"href":"https:\/\/umbodssalan.is\/index.php?rest_route=%2Fwp%2Fv2%2Fmedia&parent=144"}],"wp:term":[{"taxonomy":"category","embeddable":true,"href":"https:\/\/umbodssalan.is\/index.php?rest_route=%2Fwp%2Fv2%2Fcategories&post=144"},{"taxonomy":"post_tag","embeddable":true,"href":"https:\/\/umbodssalan.is\/index.php?rest_route=%2Fwp%2Fv2%2Ftags&post=144"}],"curies":[{"name":"wp","href":"https:\/\/api.w.org\/{rel}","templated":true}]}}