{"id":1331,"date":"2025-04-12T11:06:00","date_gmt":"2025-04-12T11:06:00","guid":{"rendered":"https:\/\/umbodssalan.is\/?page_id=1331"},"modified":"2025-07-02T20:19:57","modified_gmt":"2025-07-02T20:19:57","slug":"pvc-utihurd","status":"publish","type":"page","link":"https:\/\/umbodssalan.is\/?page_id=1331","title":{"rendered":"PVC \u00datihur\u00f0"},"content":{"rendered":"\n<p>Ver\u00f0 170.000 + v.s.k<\/p>\n\n\n\n<p>Opnanlegur gluggi ofan \u00e1 hur\u00f0, st\u00f6k eining, ver\u00f0 55.000 + v.s.k<\/p>\n\n\n\n<figure class=\"wp-block-image size-large\"><img loading=\"lazy\" decoding=\"async\" width=\"522\" height=\"1024\" src=\"https:\/\/umbodssalan.is\/wp-content\/uploads\/2025\/04\/490813021_122203302830145318_2480154514435826529_n-wpp1751487574924-522x1024.jpg\" alt=\"\" class=\"wp-image-1332\" srcset=\"https:\/\/umbodssalan.is\/wp-content\/uploads\/2025\/04\/490813021_122203302830145318_2480154514435826529_n-wpp1751487574924-522x1024.jpg 522w, https:\/\/umbodssalan.is\/wp-content\/uploads\/2025\/04\/490813021_122203302830145318_2480154514435826529_n-wpp1751487574924-153x300.jpg 153w, https:\/\/umbodssalan.is\/wp-content\/uploads\/2025\/04\/490813021_122203302830145318_2480154514435826529_n-wpp1751487574924.jpg 695w\" sizes=\"auto, (max-width: 522px) 100vw, 522px\" \/><\/figure>\n\n\n<div class=\"wpforms-container wpforms-container-full wpforms-block wpforms-block-36834abf-89da-487c-8168-bbbd3ff2f113 wpforms-render-modern\" id=\"wpforms-24\"><form id=\"wpforms-form-24\" class=\"wpforms-validate wpforms-form wpforms-ajax-form\" data-formid=\"24\" method=\"post\" enctype=\"multipart\/form-data\" action=\"\/index.php?rest_route=%2Fwp%2Fv2%2Fpages%2F1331\" data-token=\"4b346197ea22e242c6e9d00e41f596e1\" data-token-time=\"1778260127\"><noscript class=\"wpforms-error-noscript\">Please enable JavaScript in your browser to complete this form.<\/noscript><div class=\"wpforms-hidden\" id=\"wpforms-error-noscript\">Please enable JavaScript in your browser to complete this form.<\/div><div class=\"wpforms-field-container\"><div id=\"wpforms-24-field_0-container\" class=\"wpforms-field wpforms-field-name\" data-field-id=\"0\"><label class=\"wpforms-field-label\" for=\"wpforms-24-field_0\">Nafn <span class=\"wpforms-required-label\" aria-hidden=\"true\">*<\/span><\/label><input type=\"text\" id=\"wpforms-24-field_0\" class=\"wpforms-field-medium wpforms-field-required\" name=\"wpforms[fields][0]\" aria-errormessage=\"wpforms-24-field_0-error\" required><\/div><div id=\"wpforms-24-field_1-container\" class=\"wpforms-field wpforms-field-email\" data-field-id=\"1\"><label class=\"wpforms-field-label\" for=\"wpforms-24-field_1\">Netfang <span class=\"wpforms-required-label\" aria-hidden=\"true\">*<\/span><\/label><input type=\"email\" id=\"wpforms-24-field_1\" class=\"wpforms-field-medium wpforms-field-required\" name=\"wpforms[fields][1]\" spellcheck=\"false\" aria-errormessage=\"wpforms-24-field_1-error\" required><\/div><div id=\"wpforms-24-field_2-container\" class=\"wpforms-field wpforms-field-textarea\" data-field-id=\"2\"><label class=\"wpforms-field-label\" for=\"wpforms-24-field_2\">Skilabo\u00f0<\/label><textarea id=\"wpforms-24-field_2\" class=\"wpforms-field-medium\" name=\"wpforms[fields][2]\" aria-errormessage=\"wpforms-24-field_2-error\" ><\/textarea><\/div><\/div><!-- .wpforms-field-container --><div class=\"wpforms-submit-container\" ><input type=\"hidden\" name=\"wpforms[id]\" value=\"24\"><input type=\"hidden\" name=\"page_title\" value=\"\"><input type=\"hidden\" name=\"page_url\" value=\"https:\/\/umbodssalan.is\/index.php?rest_route=\/wp\/v2\/pages\/1331\"><input type=\"hidden\" name=\"url_referer\" value=\"\"><button type=\"submit\" name=\"wpforms[submit]\" id=\"wpforms-submit-24\" class=\"wpforms-submit\" data-alt-text=\"Sendi...\" data-submit-text=\"Senda\" aria-live=\"assertive\" value=\"wpforms-submit\">Senda<\/button><img loading=\"lazy\" decoding=\"async\" src=\"https:\/\/umbodssalan.is\/wp-content\/plugins\/wpforms-lite\/assets\/images\/submit-spin.svg\" class=\"wpforms-submit-spinner\" style=\"display: none;\" width=\"26\" height=\"26\" alt=\"Loading\"><\/div><\/form><\/div>  <!-- .wpforms-container -->","protected":false},"excerpt":{"rendered":"<p>Ver\u00f0 170.000 + v.s.k Opnanlegur gluggi ofan \u00e1 hur\u00f0, st\u00f6k eining, ver\u00f0 55.000 + v.s.k<\/p>\n","protected":false},"author":1,"featured_media":0,"parent":0,"menu_order":0,"comment_status":"closed","ping_status":"closed","template":"","meta":{"_monsterinsights_skip_tracking":false,"_monsterinsights_sitenote_active":false,"_monsterinsights_sitenote_note":"","_monsterinsights_sitenote_category":0,"footnotes":""},"categories":[],"tags":[],"class_list":["post-1331","page","type-page","status-publish","hentry"],"aioseo_notices":[],"_links":{"self":[{"href":"https:\/\/umbodssalan.is\/index.php?rest_route=\/wp\/v2\/pages\/1331","targetHints":{"allow":["GET"]}}],"collection":[{"href":"https:\/\/umbodssalan.is\/index.php?rest_route=\/wp\/v2\/pages"}],"about":[{"href":"https:\/\/umbodssalan.is\/index.php?rest_route=\/wp\/v2\/types\/page"}],"author":[{"embeddable":true,"href":"https:\/\/umbodssalan.is\/index.php?rest_route=\/wp\/v2\/users\/1"}],"replies":[{"embeddable":true,"href":"https:\/\/umbodssalan.is\/index.php?rest_route=%2Fwp%2Fv2%2Fcomments&post=1331"}],"version-history":[{"count":3,"href":"https:\/\/umbodssalan.is\/index.php?rest_route=\/wp\/v2\/pages\/1331\/revisions"}],"predecessor-version":[{"id":1538,"href":"https:\/\/umbodssalan.is\/index.php?rest_route=\/wp\/v2\/pages\/1331\/revisions\/1538"}],"wp:attachment":[{"href":"https:\/\/umbodssalan.is\/index.php?rest_route=%2Fwp%2Fv2%2Fmedia&parent=1331"}],"wp:term":[{"taxonomy":"category","embeddable":true,"href":"https:\/\/umbodssalan.is\/index.php?rest_route=%2Fwp%2Fv2%2Fcategories&post=1331"},{"taxonomy":"post_tag","embeddable":true,"href":"https:\/\/umbodssalan.is\/index.php?rest_route=%2Fwp%2Fv2%2Ftags&post=1331"}],"curies":[{"name":"wp","href":"https:\/\/api.w.org\/{rel}","templated":true}]}}